{"id":36,"date":"2023-01-30T03:56:54","date_gmt":"2023-01-30T03:56:54","guid":{"rendered":"https:\/\/hrconcy.vn\/?page_id=36"},"modified":"2023-02-15T15:35:55","modified_gmt":"2023-02-15T15:35:55","slug":"cau-hoi-thuong-gap","status":"publish","type":"page","link":"https:\/\/hrconcy.vn\/vi\/cau-hoi-thuong-gap\/","title":{"rendered":"C\u00e2u h\u1ecfi th\u01b0\u1eddng g\u1eb7p"},"content":{"rendered":"<h4><strong>Ch\u00ednh s\u00e1ch b\u1ea3o m\u1eadt c\u1ee7a HRCONCY<\/strong><\/h4>\n<p>D\u1ecbch v\u1ee5 \u0111\u00e0o t\u1ea1o c\u1ee7a HR Concy ho\u1ea1t \u0111\u1ed9ng nh\u01b0 d\u1ecbch v\u1ee5 t\u01b0 v\u1ea5n. Trang n\u00e0y \u0111\u01b0\u1ee3c s\u1eed d\u1ee5ng \u0111\u1ec3 th\u00f4ng b\u00e1o cho kh\u00e1ch truy c\u1eadp trang web v\u1ec1 c\u00e1c ch\u00ednh s\u00e1ch c\u1ee7a ch\u00fang t\u00f4i v\u1edbi vi\u1ec7c thu th\u1eadp, s\u1eed d\u1ee5ng v\u00e0 ti\u1ebft l\u1ed9 Th\u00f4ng tin c\u00e1 nh\u00e2n n\u1ebfu b\u1ea5t k\u1ef3 ai quy\u1ebft \u0111\u1ecbnh s\u1eed d\u1ee5ng D\u1ecbch v\u1ee5 c\u1ee7a ch\u00fang t\u00f4i.<br \/>\nN\u1ebfu b\u1ea1n ch\u1ecdn s\u1eed d\u1ee5ng D\u1ecbch v\u1ee5 c\u1ee7a ch\u00fang t\u00f4i, th\u00ec b\u1ea1n \u0111\u1ed3ng \u00fd v\u1edbi vi\u1ec7c thu th\u1eadp v\u00e0 s\u1eed d\u1ee5ng th\u00f4ng tin li\u00ean quan \u0111\u1ebfn ch\u00ednh s\u00e1ch n\u00e0y. Th\u00f4ng tin c\u00e1 nh\u00e2n m\u00e0 ch\u00fang t\u00f4i thu th\u1eadp \u0111\u01b0\u1ee3c s\u1eed d\u1ee5ng \u0111\u1ec3 cung c\u1ea5p v\u00e0 c\u1ea3i thi\u1ec7n c\u00e1c s\u1ea3n ph\u1ea9m\/d\u1ecbch v\u1ee5 c\u1ee7a ch\u00fang t\u00f4i. Ch\u00fang t\u00f4i s\u1ebd kh\u00f4ng s\u1eed d\u1ee5ng ho\u1eb7c chia s\u1ebb th\u00f4ng tin c\u1ee7a b\u1ea1n v\u1edbi b\u1ea5t k\u1ef3 ai tr\u1eeb khi \u0111\u01b0\u1ee3c m\u00f4 t\u1ea3 trong Ch\u00ednh s\u00e1ch quy\u1ec1n ri\u00eang t\u01b0 n\u00e0y.<\/p>\n<h4><strong>Thu th\u1eadp v\u00e0 s\u1eed d\u1ee5ng th\u00f4ng tin<\/strong><\/h4>\n<p>\u0110\u1ec3 c\u00f3 tr\u1ea3i nghi\u1ec7m t\u1ed1t h\u01a1n, trong khi s\u1eed d\u1ee5ng D\u1ecbch v\u1ee5 c\u1ee7a ch\u00fang t\u00f4i, ch\u00fang t\u00f4i c\u00f3 th\u1ec3 y\u00eau c\u1ea7u b\u1ea1n cung c\u1ea5p cho ch\u00fang t\u00f4i m\u1ed9t s\u1ed1 th\u00f4ng tin nh\u1eadn d\u1ea1ng c\u00e1 nh\u00e2n nh\u1ea5t \u0111\u1ecbnh, bao g\u1ed3m nh\u01b0ng kh\u00f4ng gi\u1edbi h\u1ea1n \u1edf t\u00ean, s\u1ed1 \u0111i\u1ec7n tho\u1ea1i v\u00e0 \u0111\u1ecba ch\u1ec9 email c\u1ee7a b\u1ea1n. Th\u00f4ng tin m\u00e0 ch\u00fang t\u00f4i thu th\u1eadp s\u1ebd \u0111\u01b0\u1ee3c s\u1eed d\u1ee5ng \u0111\u1ec3 li\u00ean h\u1ec7 ho\u1eb7c nh\u1eadn d\u1ea1ng b\u1ea1n.<\/p>\n<h4><strong>B\u1ea3o m\u1eadt<\/strong><\/h4>\n<p>Ch\u00fang t\u00f4i \u0111\u00e1nh gi\u00e1 cao s\u1ef1 tin t\u01b0\u1edfng c\u1ee7a b\u1ea1n trong vi\u1ec7c cung c\u1ea5p cho ch\u00fang t\u00f4i Th\u00f4ng tin c\u00e1 nh\u00e2n c\u1ee7a b\u1ea1n, do \u0111\u00f3 ch\u00fang t\u00f4i \u0111ang c\u1ed1 g\u1eafng s\u1eed d\u1ee5ng c\u00e1c ph\u01b0\u01a1ng ti\u1ec7n \u0111\u01b0\u1ee3c ch\u1ea5p nh\u1eadn v\u1ec1 m\u1eb7t th\u01b0\u01a1ng m\u1ea1i \u0111\u1ec3 b\u1ea3o v\u1ec7 th\u00f4ng tin \u0111\u00f3. Nh\u01b0ng h\u00e3y nh\u1edb r\u1eb1ng kh\u00f4ng c\u00f3 ph\u01b0\u01a1ng th\u1ee9c truy\u1ec1n qua internet ho\u1eb7c ph\u01b0\u01a1ng th\u1ee9c l\u01b0u tr\u1eef \u0111i\u1ec7n t\u1eed n\u00e0o an to\u00e0n v\u00e0 \u0111\u00e1ng tin c\u1eady 100% v\u00e0 ch\u00fang t\u00f4i kh\u00f4ng th\u1ec3 \u0111\u1ea3m b\u1ea3o t\u00ednh b\u1ea3o m\u1eadt tuy\u1ec7t \u0111\u1ed1i c\u1ee7a n\u00f3.<\/p>\n<h4><strong>Li\u00ean h\u1ec7<\/strong><\/h4>\n<p>N\u1ebfu b\u1ea1n c\u00f3 b\u1ea5t k\u1ef3 c\u00e2u h\u1ecfi ho\u1eb7c \u0111\u1ec1 xu\u1ea5t n\u00e0o v\u1ec1 ch\u00ednh s\u00e1ch quy\u1ec1n ri\u00eang t\u01b0 c\u1ee7a ch\u00fang t\u00f4i, vui l\u00f2ng li\u00ean h\u1ec7 v\u1edbi ch\u00fang t\u00f4i t\u1ea1i : contact@hrconcy.vn<\/p>\n","protected":false},"excerpt":{"rendered":"<p>Ch\u00ednh s\u00e1ch b\u1ea3o m\u1eadt c\u1ee7a HRCONCY D\u1ecbch v\u1ee5 \u0111\u00e0o t\u1ea1o c\u1ee7a HR Concy ho\u1ea1t \u0111\u1ed9ng nh\u01b0 d\u1ecbch v\u1ee5 t\u01b0 v\u1ea5n. Trang n\u00e0y \u0111\u01b0\u1ee3c s\u1eed d\u1ee5ng \u0111\u1ec3 th\u00f4ng b\u00e1o cho kh\u00e1ch truy c\u1eadp trang web v\u1ec1 c\u00e1c ch\u00ednh s\u00e1ch c\u1ee7a ch\u00fang t\u00f4i v\u1edbi vi\u1ec7c thu th\u1eadp, s\u1eed d\u1ee5ng v\u00e0 ti\u1ebft l\u1ed9 Th\u00f4ng tin c\u00e1 nh\u00e2n n\u1ebfu &#8230; <a title=\"C\u00e2u h\u1ecfi th\u01b0\u1eddng g\u1eb7p\" class=\"read-more\" href=\"https:\/\/hrconcy.vn\/vi\/cau-hoi-thuong-gap\/\" aria-label=\"More on C\u00e2u h\u1ecfi th\u01b0\u1eddng g\u1eb7p\">Read more<\/a><\/p>\n","protected":false},"author":1,"featured_media":0,"parent":0,"menu_order":0,"comment_status":"closed","ping_status":"closed","template":"templates\/faq.php","meta":{"inline_featured_image":false},"acf":[],"_links":{"self":[{"href":"https:\/\/hrconcy.vn\/vi\/wp-json\/wp\/v2\/pages\/36"}],"collection":[{"href":"https:\/\/hrconcy.vn\/vi\/wp-json\/wp\/v2\/pages"}],"about":[{"href":"https:\/\/hrconcy.vn\/vi\/wp-json\/wp\/v2\/types\/page"}],"author":[{"embeddable":true,"href":"https:\/\/hrconcy.vn\/vi\/wp-json\/wp\/v2\/users\/1"}],"replies":[{"embeddable":true,"href":"https:\/\/hrconcy.vn\/vi\/wp-json\/wp\/v2\/comments?post=36"}],"version-history":[{"count":35,"href":"https:\/\/hrconcy.vn\/vi\/wp-json\/wp\/v2\/pages\/36\/revisions"}],"predecessor-version":[{"id":736,"href":"https:\/\/hrconcy.vn\/vi\/wp-json\/wp\/v2\/pages\/36\/revisions\/736"}],"wp:attachment":[{"href":"https:\/\/hrconcy.vn\/vi\/wp-json\/wp\/v2\/media?parent=36"}],"curies":[{"name":"wp","href":"https:\/\/api.w.org\/{rel}","templated":true}]}}